{"id":68,"date":"2020-11-08T20:21:17","date_gmt":"2020-11-08T20:21:17","guid":{"rendered":"http:\/\/photoboiler.com\/?page_id=68"},"modified":"2021-01-07T12:04:44","modified_gmt":"2021-01-07T12:04:44","slug":"teknologiat","status":"publish","type":"page","link":"https:\/\/www.photoboiler.com\/en\/teknologiat\/","title":{"rendered":"Computer Vision Toolbox"},"content":{"rendered":"<p>Computer vision applications in simple forms have been in use for decades. However, it was not until the 2010s that with deep neural networks the ability of computers to recognize images reached human levels. <\/p>\n\n\n\n<p>Computer vision takes the automatic control of processes to a whole other level. With the help of machine learning, systems can copy the intuition of even an experienced person, for example in quality monitoring. Systematically measured quality, on the other hand, enables accurate process optimization and rapid response to deviations.<\/p>\n\n\n\n<h2 class=\"wp-block-heading\">Classification<\/h2>\n\n\n\n<p>Classification was the first application where deep neural networks were successfully used. As the name implies, classification labels an image as belonging to a category. For example, the mushroom in the picture below is classified as russula paludosa. <\/p>\n\n\n\n<div class=\"wp-block-image\"><figure class=\"aligncenter size-large\"><img loading=\"lazy\" decoding=\"async\" width=\"659\" height=\"349\" src=\"http:\/\/www.photoboiler.com\/wp-content\/uploads\/2020\/11\/Mushroom_classification.png\" alt=\"\" class=\"wp-image-128\" srcset=\"https:\/\/www.photoboiler.com\/wp-content\/uploads\/2020\/11\/Mushroom_classification.png 659w, https:\/\/www.photoboiler.com\/wp-content\/uploads\/2020\/11\/Mushroom_classification-300x159.png 300w, https:\/\/www.photoboiler.com\/wp-content\/uploads\/2020\/11\/Mushroom_classification-16x8.png 16w\" sizes=\"(max-width: 659px) 100vw, 659px\" \/><\/figure><\/div>\n\n\n\n<p>The deep neural net searches the image for colors and contrasts and textures and forms in the deeper layers.<\/p>\n\n\n\n<p>For industrial use the classification is often a preprocessing stage where image is labeled as valid for further analysis. For example making sure the conveyor belt has material.<\/p>\n\n\n\n<div class=\"wp-block-image\"><figure class=\"aligncenter size-full\"><img loading=\"lazy\" decoding=\"async\" width=\"981\" height=\"490\" src=\"https:\/\/www.photoboiler.com\/wp-content\/uploads\/2020\/11\/Classification.png\" alt=\"\" class=\"wp-image-133\" srcset=\"https:\/\/www.photoboiler.com\/wp-content\/uploads\/2020\/11\/Classification.png 981w, https:\/\/www.photoboiler.com\/wp-content\/uploads\/2020\/11\/Classification-300x150.png 300w, https:\/\/www.photoboiler.com\/wp-content\/uploads\/2020\/11\/Classification-768x384.png 768w, https:\/\/www.photoboiler.com\/wp-content\/uploads\/2020\/11\/Classification-16x8.png 16w, https:\/\/www.photoboiler.com\/wp-content\/uploads\/2020\/11\/Classification-570x285.png 570w\" sizes=\"(max-width: 981px) 100vw, 981px\" \/><\/figure><\/div>\n\n\n\n<h2 class=\"wp-block-heading\">Object detection<\/h2>\n\n\n\n<p>In object detection, an area is found in the image where the desired object can be found. As an example in the figure below, the propeller has been identified and its surface area measured from the overall view.<\/p>\n\n\n\n<div class=\"wp-block-image\"><figure class=\"aligncenter size-large\"><img loading=\"lazy\" decoding=\"async\" width=\"929\" height=\"372\" src=\"http:\/\/www.photoboiler.com\/wp-content\/uploads\/2020\/11\/propeller.png\" alt=\"\" class=\"wp-image-137\" srcset=\"https:\/\/www.photoboiler.com\/wp-content\/uploads\/2020\/11\/propeller.png 929w, https:\/\/www.photoboiler.com\/wp-content\/uploads\/2020\/11\/propeller-300x120.png 300w, https:\/\/www.photoboiler.com\/wp-content\/uploads\/2020\/11\/propeller-768x308.png 768w, https:\/\/www.photoboiler.com\/wp-content\/uploads\/2020\/11\/propeller-16x6.png 16w, https:\/\/www.photoboiler.com\/wp-content\/uploads\/2020\/11\/propeller-380x152.png 380w\" sizes=\"(max-width: 929px) 100vw, 929px\" \/><\/figure><\/div>\n\n\n\n<p>This is particularly useful when dealing with large amounts of images and deciding if an image is worth saving for later inspection. <\/p>\n\n\n\n<h2 class=\"wp-block-heading\">Segmentation<\/h2>\n\n\n\n<p>Area segmentation or semantic segmentation is the most practical tool in industrial image analysis and computer vision. <\/p>\n\n\n\n<p>In semantic segmentation every pixel in the image is classified as belonging to one or more categories. This can be then used for example to determine the amount of good quality product, defects or background in the image. The numerical value is needed for automation, which still runs primarily on numeric values.<\/p>\n\n\n\n<p>Try the slider below to visualize the amount of bark left.<\/p>\n\n\n\n<div class=\"wp-block-group\"><div class=\"wp-block-group__inner-container is-layout-flow wp-block-group-is-layout-flow\"><div id=\"s201_slides-1-1\" class=\"s201_slides s201_slides-1\" data-s201=\"{&quot;vertical&quot;:0,&quot;sliding_behavior&quot;:&quot;drag&quot;}\">\r\n\t\t<div class=\"s201_holder s201_slide_active\" data-part=\"holder\">\r\n\t\t\t<img decoding=\"async\" src=\"https:\/\/www.photoboiler.com\/wp-content\/uploads\/2020\/11\/exim_mask-scaled-e1604947896748.jpg\" srcset=\"https:\/\/www.photoboiler.com\/wp-content\/uploads\/2020\/11\/exim_mask-300x113.jpg 300w, https:\/\/www.photoboiler.com\/wp-content\/uploads\/2020\/11\/exim_mask-1024x384.jpg 1024w, https:\/\/www.photoboiler.com\/wp-content\/uploads\/2020\/11\/exim_mask-768x288.jpg 768w, https:\/\/www.photoboiler.com\/wp-content\/uploads\/2020\/11\/exim_mask-1536x576.jpg 1536w, https:\/\/www.photoboiler.com\/wp-content\/uploads\/2020\/11\/exim_mask-2048x768.jpg 2048w, https:\/\/www.photoboiler.com\/wp-content\/uploads\/2020\/11\/exim_mask-16x6.jpg 16w, https:\/\/www.photoboiler.com\/wp-content\/uploads\/2020\/11\/exim_mask-scaled-e1604947896748.jpg 800w\" sizes=\"(max-width: 800px) 100vw, 800px\" alt=\"\" class=\"s201_img_holder s201_noselect\"\/><div class=\"s201_item_img s201_noselect\"><div class=\"s201_overlay_img\" style=\"background-image:url('https:\/\/www.photoboiler.com\/wp-content\/uploads\/2020\/11\/exim_mask-scaled-e1604947896748.jpg')\"><img decoding=\"async\" src=\"https:\/\/www.photoboiler.com\/wp-content\/uploads\/2020\/11\/exim_mask-scaled-e1604947896748.jpg\" srcset=\"https:\/\/www.photoboiler.com\/wp-content\/uploads\/2020\/11\/exim_mask-300x113.jpg 300w, https:\/\/www.photoboiler.com\/wp-content\/uploads\/2020\/11\/exim_mask-1024x384.jpg 1024w, https:\/\/www.photoboiler.com\/wp-content\/uploads\/2020\/11\/exim_mask-768x288.jpg 768w, https:\/\/www.photoboiler.com\/wp-content\/uploads\/2020\/11\/exim_mask-1536x576.jpg 1536w, https:\/\/www.photoboiler.com\/wp-content\/uploads\/2020\/11\/exim_mask-2048x768.jpg 2048w, https:\/\/www.photoboiler.com\/wp-content\/uploads\/2020\/11\/exim_mask-16x6.jpg 16w, https:\/\/www.photoboiler.com\/wp-content\/uploads\/2020\/11\/exim_mask-scaled-e1604947896748.jpg 800w\" sizes=\"(max-width: 800px) 100vw, 800px\" alt=\"\" class=\"s201_noselect\"\/><\/div><\/div><div class=\"s201_item_img s201_noselect\" style=\"width:50%;\"><div class=\"s201_overlay_img\" style=\"background-image:url('https:\/\/www.photoboiler.com\/wp-content\/uploads\/2020\/11\/exim_raw-scaled-e1604947878612.jpg')\"><img decoding=\"async\" src=\"https:\/\/www.photoboiler.com\/wp-content\/uploads\/2020\/11\/exim_raw-scaled-e1604947878612.jpg\" srcset=\"https:\/\/www.photoboiler.com\/wp-content\/uploads\/2020\/11\/exim_raw-300x113.jpg 300w, https:\/\/www.photoboiler.com\/wp-content\/uploads\/2020\/11\/exim_raw-1024x384.jpg 1024w, https:\/\/www.photoboiler.com\/wp-content\/uploads\/2020\/11\/exim_raw-768x288.jpg 768w, https:\/\/www.photoboiler.com\/wp-content\/uploads\/2020\/11\/exim_raw-1536x576.jpg 1536w, https:\/\/www.photoboiler.com\/wp-content\/uploads\/2020\/11\/exim_raw-2048x768.jpg 2048w, https:\/\/www.photoboiler.com\/wp-content\/uploads\/2020\/11\/exim_raw-16x6.jpg 16w, https:\/\/www.photoboiler.com\/wp-content\/uploads\/2020\/11\/exim_raw-scaled-e1604947878612.jpg 800w\" sizes=\"(max-width: 800px) 100vw, 800px\" alt=\"\" class=\"s201_noselect\"\/><\/div>\r\n\t\t\t\t\t\t\t<div class=\"s201_slider s201_style_1\" style=\"top:50%;\"><div class=\"s201_top_line\"><\/div><div class=\"s201_handle\"><div class=\"s201_left_arrow\"><\/div><div class=\"s201_right_arrow\"><\/div><\/div><div class=\"s201_bottom_line\"><\/div><\/div>\r\n\t\t\t\t\t\t<\/div>\t\t\t\t\t<\/div>\r\n\t\t<\/div>\n<\/div><\/div>\n\n\n\n<p>Segmentation makes numeric production monitoring and optimization possible.<\/p>\n\n\n\n<p>Check out the <a href=\"https:\/\/www.photoboiler.com\/en\/examples\/\" data-type=\"page\" data-id=\"148\">applications <\/a>or <a href=\"https:\/\/www.photoboiler.com\/en\/contact\/\" data-type=\"page\" data-id=\"48\">contact-info<\/a> .<\/p>","protected":false},"excerpt":{"rendered":"<p>Konen\u00e4k\u00f6sovelluksia on yksinkertaisissa muodoissa ollut jo vuosikymmeni\u00e4 k\u00e4yt\u00f6ss\u00e4. Kuitenkin vasta 2010-luvulla syv\u00e4t neuroverkot r\u00e4j\u00e4yttiv\u00e4t potin ja tietokoneiden kyky tunnistaa kuvia saavutti ihmistason. Konen\u00e4k\u00f6 nostaa prosessien automaattisen valvonnan aivan toiselle tasolle. Koneoppimisen avulla j\u00e4rjestelm\u00e4t voivat kopioida kokeneenkin ihmisen intuition esimerkiksi laadun tarkkailussa. J\u00e4rjestelm\u00e4llisesti mitattu laatu taas mahdollistaa prosessin tarkan optimoinnin ja nopean reagoinnin poikkeamiin. Luokittelu Luokittelu&hellip;<\/p>\n<p class=\"more-link\"><a href=\"https:\/\/www.photoboiler.com\/en\/teknologiat\/\" class=\"themebutton\">Read More<\/a><\/p>","protected":false},"author":1,"featured_media":0,"parent":0,"menu_order":0,"comment_status":"closed","ping_status":"closed","template":"","meta":{"footnotes":""},"_links":{"self":[{"href":"https:\/\/www.photoboiler.com\/en\/wp-json\/wp\/v2\/pages\/68"}],"collection":[{"href":"https:\/\/www.photoboiler.com\/en\/wp-json\/wp\/v2\/pages"}],"about":[{"href":"https:\/\/www.photoboiler.com\/en\/wp-json\/wp\/v2\/types\/page"}],"author":[{"embeddable":true,"href":"https:\/\/www.photoboiler.com\/en\/wp-json\/wp\/v2\/users\/1"}],"replies":[{"embeddable":true,"href":"https:\/\/www.photoboiler.com\/en\/wp-json\/wp\/v2\/comments?post=68"}],"version-history":[{"count":31,"href":"https:\/\/www.photoboiler.com\/en\/wp-json\/wp\/v2\/pages\/68\/revisions"}],"predecessor-version":[{"id":220,"href":"https:\/\/www.photoboiler.com\/en\/wp-json\/wp\/v2\/pages\/68\/revisions\/220"}],"wp:attachment":[{"href":"https:\/\/www.photoboiler.com\/en\/wp-json\/wp\/v2\/media?parent=68"}],"curies":[{"name":"wp","href":"https:\/\/api.w.org\/{rel}","templated":true}]}}