{"id":48,"date":"2020-11-05T22:03:04","date_gmt":"2020-11-05T22:03:04","guid":{"rendered":"http:\/\/photoboiler.com\/?page_id=48"},"modified":"2024-06-03T07:12:13","modified_gmt":"2024-06-03T07:12:13","slug":"contact","status":"publish","type":"page","link":"https:\/\/www.photoboiler.com\/en\/contact\/","title":{"rendered":"Contact"},"content":{"rendered":"<p>We can help with machine vision in many different ways:<\/p>\n\n\n\n<ol>\n<li>If the application target is not yet known, we can explore the alternatives together.<\/li>\n\n\n\n<li>A proof of concept can be made for the selected application site in order to find out the prerequisites for the success of the project.<\/li>\n\n\n\n<li>If the concept is already completely clear, then we can proceed to implementation and production.<\/li>\n<\/ol>\n\n\n\n<p>And we're always happy to chat anyway, so get in touch!<\/p>\n\n\n\n<figure class=\"wp-block-image size-large\"><img loading=\"lazy\" decoding=\"async\" width=\"800\" height=\"450\" src=\"https:\/\/www.photoboiler.com\/wp-content\/uploads\/2020\/12\/VilleBox.png\" alt=\"\" class=\"wp-image-205\" srcset=\"https:\/\/www.photoboiler.com\/wp-content\/uploads\/2020\/12\/VilleBox.png 800w, https:\/\/www.photoboiler.com\/wp-content\/uploads\/2020\/12\/VilleBox-300x169.png 300w, https:\/\/www.photoboiler.com\/wp-content\/uploads\/2020\/12\/VilleBox-768x432.png 768w, https:\/\/www.photoboiler.com\/wp-content\/uploads\/2020\/12\/VilleBox-16x9.png 16w\" sizes=\"(max-width: 800px) 100vw, 800px\" \/><\/figure>\n\n\n\n<p>Ville has 20 years of experience in data analytics and computer vision projects mainly in energy sector and forest industry. <\/p>\n\n\n\n<p>Ville Laukkanen<\/p>\n\n\n\n<p>ville@photoboiler.com<\/p>\n\n\n\n<p>+358 40 550 7317<\/p>\n\n\n\n<p><a href=\"https:\/\/www.linkedin.com\/company\/photoboiler\">Follow us on LinkedIn<\/a><\/p>","protected":false},"excerpt":{"rendered":"<p>Voimme auttaa konen\u00e4\u00f6n kanssa monella eri tavalla: Ja aina mieluusti juttelemme ihan muuten vaan, joten ota matalalla kynnyksell\u00e4 yhteytt\u00e4! Villell\u00e4 on parinkymmenen vuoden kokemus teollisuuden data-analytiikka ja konen\u00e4k\u00f6projekteista erityisesti voimalaitoksissa ja mets\u00e4teollisuudessa. Ville Laukkanen ville@photoboiler.com +358 40 550 7317 Seuraa Photoboileria Linkediniss\u00e4<\/p>","protected":false},"author":1,"featured_media":0,"parent":0,"menu_order":3,"comment_status":"closed","ping_status":"closed","template":"","meta":{"footnotes":""},"_links":{"self":[{"href":"https:\/\/www.photoboiler.com\/en\/wp-json\/wp\/v2\/pages\/48"}],"collection":[{"href":"https:\/\/www.photoboiler.com\/en\/wp-json\/wp\/v2\/pages"}],"about":[{"href":"https:\/\/www.photoboiler.com\/en\/wp-json\/wp\/v2\/types\/page"}],"author":[{"embeddable":true,"href":"https:\/\/www.photoboiler.com\/en\/wp-json\/wp\/v2\/users\/1"}],"replies":[{"embeddable":true,"href":"https:\/\/www.photoboiler.com\/en\/wp-json\/wp\/v2\/comments?post=48"}],"version-history":[{"count":10,"href":"https:\/\/www.photoboiler.com\/en\/wp-json\/wp\/v2\/pages\/48\/revisions"}],"predecessor-version":[{"id":240,"href":"https:\/\/www.photoboiler.com\/en\/wp-json\/wp\/v2\/pages\/48\/revisions\/240"}],"wp:attachment":[{"href":"https:\/\/www.photoboiler.com\/en\/wp-json\/wp\/v2\/media?parent=48"}],"curies":[{"name":"wp","href":"https:\/\/api.w.org\/{rel}","templated":true}]}}