{"id":283,"date":"2024-06-19T08:46:19","date_gmt":"2024-06-19T08:46:19","guid":{"rendered":"https:\/\/www.photoboiler.com\/?page_id=283"},"modified":"2024-06-19T09:47:07","modified_gmt":"2024-06-19T09:47:07","slug":"voimalaitoksen-tuhkaseuranta","status":"publish","type":"page","link":"https:\/\/www.photoboiler.com\/en\/examples\/voimalaitoksen-tuhkaseuranta\/","title":{"rendered":"Power plant ash analysis"},"content":{"rendered":"<p>In solid fuel power plants, the condition of the bed is essential to ensure efficiency and usability. <\/p>\n\n\n\n<p>Sintered sand, metals and large quantities of stones cause not only uneven combustion and emissions but also, in the worst case, blockage of the entire bed.<\/p>\n\n\n\n<figure class=\"wp-block-image size-large\"><img loading=\"lazy\" decoding=\"async\" width=\"1024\" height=\"461\" src=\"http:\/\/www.photoboiler.com\/wp-content\/uploads\/2023\/05\/IMG_20210914_131047-1024x461.jpg\" alt=\"\" class=\"wp-image-224\" srcset=\"https:\/\/www.photoboiler.com\/wp-content\/uploads\/2023\/05\/IMG_20210914_131047-1024x461.jpg 1024w, https:\/\/www.photoboiler.com\/wp-content\/uploads\/2023\/05\/IMG_20210914_131047-300x135.jpg 300w, https:\/\/www.photoboiler.com\/wp-content\/uploads\/2023\/05\/IMG_20210914_131047-768x346.jpg 768w, https:\/\/www.photoboiler.com\/wp-content\/uploads\/2023\/05\/IMG_20210914_131047-1536x691.jpg 1536w, https:\/\/www.photoboiler.com\/wp-content\/uploads\/2023\/05\/IMG_20210914_131047-2048x922.jpg 2048w, https:\/\/www.photoboiler.com\/wp-content\/uploads\/2023\/05\/IMG_20210914_131047-16x7.jpg 16w\" sizes=\"(max-width: 1024px) 100vw, 1024px\" \/><\/figure>\n\n\n\n<p>The condition of the bed can be monitored easily with the help of a camera installed on the conveyor line and a machine vision model. The analysis results can be used to optimize the amount of sand to be exchanged and detect possible sintering. <\/p>\n\n\n\n<p>Analysis results can be imported directly into the automation system for control room alarms.<\/p>\n\n\n\n<figure class=\"wp-block-image size-large\"><img loading=\"lazy\" decoding=\"async\" width=\"1024\" height=\"287\" src=\"http:\/\/www.photoboiler.com\/wp-content\/uploads\/2023\/05\/sintteri_iso-1024x287.jpg\" alt=\"\" class=\"wp-image-225\" srcset=\"https:\/\/www.photoboiler.com\/wp-content\/uploads\/2023\/05\/sintteri_iso-1024x287.jpg 1024w, https:\/\/www.photoboiler.com\/wp-content\/uploads\/2023\/05\/sintteri_iso-300x84.jpg 300w, https:\/\/www.photoboiler.com\/wp-content\/uploads\/2023\/05\/sintteri_iso-768x215.jpg 768w, https:\/\/www.photoboiler.com\/wp-content\/uploads\/2023\/05\/sintteri_iso-1536x431.jpg 1536w, https:\/\/www.photoboiler.com\/wp-content\/uploads\/2023\/05\/sintteri_iso-16x4.jpg 16w, https:\/\/www.photoboiler.com\/wp-content\/uploads\/2023\/05\/sintteri_iso-380x107.jpg 380w, https:\/\/www.photoboiler.com\/wp-content\/uploads\/2023\/05\/sintteri_iso.jpg 1855w\" sizes=\"(max-width: 1024px) 100vw, 1024px\" \/><\/figure>\n\n\n\n<p><a href=\"https:\/\/www.photoboiler.com\/en\/examples\/\">Explore other applications<\/a><\/p>","protected":false},"excerpt":{"rendered":"<p>Kiinte\u00e4n polttoaineen voimalaitoksilla pedin kunto on keskeist\u00e4 tehokkuuden ja k\u00e4ytett\u00e4vyyden turvaamiseksi. Sintraantunut hiekka, metallit ja suuret kivim\u00e4\u00e4r\u00e4t aiheuttavat paitsi ep\u00e4tasaista palamista ja p\u00e4\u00e4st\u00f6j\u00e4 my\u00f6s pahimmillaan koko pedin tukkeuman. Pedin kuntoa voidaan valvoa helposti kuljetinlinjalle asennettavan kameran ja konen\u00e4k\u00f6mallin avulla. Analyysituloksilla voidaan optimoida vaihdettavan hiekan m\u00e4\u00e4r\u00e4\u00e4 sek\u00e4 havaita mahdollinen sintrautuminen hyviss\u00e4 ajoin. Analyysitulokset voidaan tuoda suoraan&hellip;<\/p>\n<p class=\"more-link\"><a href=\"https:\/\/www.photoboiler.com\/en\/examples\/voimalaitoksen-tuhkaseuranta\/\" class=\"themebutton\">Read More<\/a><\/p>","protected":false},"author":1,"featured_media":0,"parent":148,"menu_order":2,"comment_status":"closed","ping_status":"closed","template":"","meta":{"footnotes":""},"_links":{"self":[{"href":"https:\/\/www.photoboiler.com\/en\/wp-json\/wp\/v2\/pages\/283"}],"collection":[{"href":"https:\/\/www.photoboiler.com\/en\/wp-json\/wp\/v2\/pages"}],"about":[{"href":"https:\/\/www.photoboiler.com\/en\/wp-json\/wp\/v2\/types\/page"}],"author":[{"embeddable":true,"href":"https:\/\/www.photoboiler.com\/en\/wp-json\/wp\/v2\/users\/1"}],"replies":[{"embeddable":true,"href":"https:\/\/www.photoboiler.com\/en\/wp-json\/wp\/v2\/comments?post=283"}],"version-history":[{"count":3,"href":"https:\/\/www.photoboiler.com\/en\/wp-json\/wp\/v2\/pages\/283\/revisions"}],"predecessor-version":[{"id":303,"href":"https:\/\/www.photoboiler.com\/en\/wp-json\/wp\/v2\/pages\/283\/revisions\/303"}],"up":[{"embeddable":true,"href":"https:\/\/www.photoboiler.com\/en\/wp-json\/wp\/v2\/pages\/148"}],"wp:attachment":[{"href":"https:\/\/www.photoboiler.com\/en\/wp-json\/wp\/v2\/media?parent=283"}],"curies":[{"name":"wp","href":"https:\/\/api.w.org\/{rel}","templated":true}]}}