{"id":279,"date":"2024-06-19T08:42:36","date_gmt":"2024-06-19T08:42:36","guid":{"rendered":"https:\/\/www.photoboiler.com\/?page_id=279"},"modified":"2024-06-19T09:33:53","modified_gmt":"2024-06-19T09:33:53","slug":"kiintean-polttoaineen-analyysi","status":"publish","type":"page","link":"https:\/\/www.photoboiler.com\/en\/examples\/kiintean-polttoaineen-analyysi\/","title":{"rendered":"Solid fuel analysis"},"content":{"rendered":"<p>Operation of solid fuel boilers is highly dependent on what material is being burned and what is the composition of the material. The quality of the fuel usually fluctuates between different sources and the different fuel qualities get mixed before being fed into the boiler. When a camera is installed to monitor the feed conveyor of the boiler it is possible to monitor the properties of the fuel.<\/p>\n\n\n\n<p>It is often difficult to determine the cause for changes in the boiler operations. Changes may be caused by issues in the equipment or simply because the fuel quality has changed. Computer vision makes it possible to connect changes in operations to changes in fuel and hence it enables realtime boiler optimization. Additionally supplier quality can be easily monitored.<\/p>\n\n\n\n<figure class=\"wp-block-image size-large\"><img loading=\"lazy\" decoding=\"async\" width=\"1024\" height=\"259\" src=\"http:\/\/www.photoboiler.com\/wp-content\/uploads\/2023\/05\/purkupaikka3-1024x259.jpg\" alt=\"\" class=\"wp-image-228\" srcset=\"https:\/\/www.photoboiler.com\/wp-content\/uploads\/2023\/05\/purkupaikka3-1024x259.jpg 1024w, https:\/\/www.photoboiler.com\/wp-content\/uploads\/2023\/05\/purkupaikka3-300x76.jpg 300w, https:\/\/www.photoboiler.com\/wp-content\/uploads\/2023\/05\/purkupaikka3-768x195.jpg 768w, https:\/\/www.photoboiler.com\/wp-content\/uploads\/2023\/05\/purkupaikka3-1536x389.jpg 1536w, https:\/\/www.photoboiler.com\/wp-content\/uploads\/2023\/05\/purkupaikka3-16x4.jpg 16w, https:\/\/www.photoboiler.com\/wp-content\/uploads\/2023\/05\/purkupaikka3.jpg 1855w\" sizes=\"(max-width: 1024px) 100vw, 1024px\" \/><\/figure>\n\n\n\n<p>Better fuel quality control can alternatively be achieved by silo arrangements or by investing info fuel sampling equipment. The benefit of computer vision compared to the alternatives is the significantly lower investment cost and capability to flexibly optimize operations on a continuous basis.<\/p>\n\n\n\n<p>A specific issue on bio-based boilers is the high content of small particle size material in the fuel. With computer vision these issues can be tackled by well-timed adjustment of the boiler parameters.<\/p>\n\n\n\n<figure class=\"wp-block-image size-large\"><img loading=\"lazy\" decoding=\"async\" width=\"1024\" height=\"325\" src=\"http:\/\/www.photoboiler.com\/wp-content\/uploads\/2023\/05\/fine-1024x325.jpg\" alt=\"\" class=\"wp-image-227\" srcset=\"https:\/\/www.photoboiler.com\/wp-content\/uploads\/2023\/05\/fine-1024x325.jpg 1024w, https:\/\/www.photoboiler.com\/wp-content\/uploads\/2023\/05\/fine-300x95.jpg 300w, https:\/\/www.photoboiler.com\/wp-content\/uploads\/2023\/05\/fine-768x244.jpg 768w, https:\/\/www.photoboiler.com\/wp-content\/uploads\/2023\/05\/fine-16x5.jpg 16w, https:\/\/www.photoboiler.com\/wp-content\/uploads\/2023\/05\/fine.jpg 1205w\" sizes=\"(max-width: 1024px) 100vw, 1024px\" \/><\/figure>\n\n\n\n<p><a href=\"https:\/\/www.photoboiler.com\/en\/examples\/\" data-type=\"page\" data-id=\"148\">Explore other applications<\/a><\/p>","protected":false},"excerpt":{"rendered":"<p>Kiinteit\u00e4 polttoaineita polttavien voimalaitosten toiminta on vahvasti riippuvaista poltettavan materiaalin laadusta ja koostumuksesta. Polttoaineiden laadussa on usein vaihtelua, sill\u00e4 niiden hankinta tapahtuu useilta toimittajilta ja jakeet sekoittuvat ennen kattilaan sy\u00f6tt\u00e4mist\u00e4. Asentamalla kamera kuvaamaan kattilaa sy\u00f6tt\u00e4v\u00e4\u00e4 kuljetinta voidaan konen\u00e4\u00f6n avulla seurata mit\u00e4 ja mink\u00e4 laatuista polttoainetta kattilaan menee. Kun kattilan toiminnassa tapahtuu muutoksia on syiden tunnistaminen&hellip;<\/p>\n<p class=\"more-link\"><a href=\"https:\/\/www.photoboiler.com\/en\/examples\/kiintean-polttoaineen-analyysi\/\" class=\"themebutton\">Read More<\/a><\/p>","protected":false},"author":1,"featured_media":0,"parent":148,"menu_order":1,"comment_status":"closed","ping_status":"closed","template":"","meta":{"footnotes":""},"_links":{"self":[{"href":"https:\/\/www.photoboiler.com\/en\/wp-json\/wp\/v2\/pages\/279"}],"collection":[{"href":"https:\/\/www.photoboiler.com\/en\/wp-json\/wp\/v2\/pages"}],"about":[{"href":"https:\/\/www.photoboiler.com\/en\/wp-json\/wp\/v2\/types\/page"}],"author":[{"embeddable":true,"href":"https:\/\/www.photoboiler.com\/en\/wp-json\/wp\/v2\/users\/1"}],"replies":[{"embeddable":true,"href":"https:\/\/www.photoboiler.com\/en\/wp-json\/wp\/v2\/comments?post=279"}],"version-history":[{"count":3,"href":"https:\/\/www.photoboiler.com\/en\/wp-json\/wp\/v2\/pages\/279\/revisions"}],"predecessor-version":[{"id":299,"href":"https:\/\/www.photoboiler.com\/en\/wp-json\/wp\/v2\/pages\/279\/revisions\/299"}],"up":[{"embeddable":true,"href":"https:\/\/www.photoboiler.com\/en\/wp-json\/wp\/v2\/pages\/148"}],"wp:attachment":[{"href":"https:\/\/www.photoboiler.com\/en\/wp-json\/wp\/v2\/media?parent=279"}],"curies":[{"name":"wp","href":"https:\/\/api.w.org\/{rel}","templated":true}]}}