{"id":267,"date":"2024-06-19T08:27:17","date_gmt":"2024-06-19T08:27:17","guid":{"rendered":"https:\/\/www.photoboiler.com\/?page_id=267"},"modified":"2024-06-19T09:37:07","modified_gmt":"2024-06-19T09:37:07","slug":"kuorimon-optimointi-konenaon-avulla","status":"publish","type":"page","link":"https:\/\/www.photoboiler.com\/en\/examples\/kuorimon-optimointi-konenaon-avulla\/","title":{"rendered":"Debarking monitoring"},"content":{"rendered":"<p>In the forest industry debarking lines can be optimized for better quality and profitability using Photoboiler solutions. The aim of the debarking is to remove just enough bark to have a high quality clean wood product, but not more so that the loss of valuable fiber is minimized.<\/p>\n\n\n\n<p>In practice the optimization of debarking is set up by installing two cameras on the line:The main after the debarking drum will monitor the main product and secondary camera on the bark line to monitor the composition of the removed material. The main camera\u2019s goal is to ensure no bark is left on the wood. The secondary camera ensures that the bark flow contains as little fiber wood as possible.<\/p>\n\n\n\n<p>Once the two cameras have been installed it is possible to optimize the balance between the cleanliness of the main wood flow and the barks stream fiber wood content. Typically the cameras are connected to the plant automation system and that is where the optimization happens in practice.<\/p>\n\n\n\n<p>Optimization of debarking can yield substantial financial return both in terms of improved fiber quality as well as minimized fiber loss.<\/p>\n\n\n<div id=\"s201_slides-1-1\" class=\"s201_slides s201_slides-1\" data-s201=\"{&quot;vertical&quot;:0,&quot;sliding_behavior&quot;:&quot;drag&quot;}\">\r\n\t\t<div class=\"s201_holder s201_slide_active\" data-part=\"holder\">\r\n\t\t\t<img decoding=\"async\" src=\"https:\/\/www.photoboiler.com\/wp-content\/uploads\/2020\/11\/exim_mask-scaled-e1604947896748.jpg\" srcset=\"https:\/\/www.photoboiler.com\/wp-content\/uploads\/2020\/11\/exim_mask-300x113.jpg 300w, https:\/\/www.photoboiler.com\/wp-content\/uploads\/2020\/11\/exim_mask-1024x384.jpg 1024w, https:\/\/www.photoboiler.com\/wp-content\/uploads\/2020\/11\/exim_mask-768x288.jpg 768w, https:\/\/www.photoboiler.com\/wp-content\/uploads\/2020\/11\/exim_mask-1536x576.jpg 1536w, https:\/\/www.photoboiler.com\/wp-content\/uploads\/2020\/11\/exim_mask-2048x768.jpg 2048w, https:\/\/www.photoboiler.com\/wp-content\/uploads\/2020\/11\/exim_mask-16x6.jpg 16w, https:\/\/www.photoboiler.com\/wp-content\/uploads\/2020\/11\/exim_mask-scaled-e1604947896748.jpg 800w\" sizes=\"(max-width: 800px) 100vw, 800px\" alt=\"\" class=\"s201_img_holder s201_noselect\"\/><div class=\"s201_item_img s201_noselect\"><div class=\"s201_overlay_img\" style=\"background-image:url('https:\/\/www.photoboiler.com\/wp-content\/uploads\/2020\/11\/exim_mask-scaled-e1604947896748.jpg')\"><img decoding=\"async\" src=\"https:\/\/www.photoboiler.com\/wp-content\/uploads\/2020\/11\/exim_mask-scaled-e1604947896748.jpg\" srcset=\"https:\/\/www.photoboiler.com\/wp-content\/uploads\/2020\/11\/exim_mask-300x113.jpg 300w, https:\/\/www.photoboiler.com\/wp-content\/uploads\/2020\/11\/exim_mask-1024x384.jpg 1024w, https:\/\/www.photoboiler.com\/wp-content\/uploads\/2020\/11\/exim_mask-768x288.jpg 768w, https:\/\/www.photoboiler.com\/wp-content\/uploads\/2020\/11\/exim_mask-1536x576.jpg 1536w, https:\/\/www.photoboiler.com\/wp-content\/uploads\/2020\/11\/exim_mask-2048x768.jpg 2048w, https:\/\/www.photoboiler.com\/wp-content\/uploads\/2020\/11\/exim_mask-16x6.jpg 16w, https:\/\/www.photoboiler.com\/wp-content\/uploads\/2020\/11\/exim_mask-scaled-e1604947896748.jpg 800w\" sizes=\"(max-width: 800px) 100vw, 800px\" alt=\"\" class=\"s201_noselect\"\/><\/div><\/div><div class=\"s201_item_img s201_noselect\" style=\"width:50%;\"><div class=\"s201_overlay_img\" style=\"background-image:url('https:\/\/www.photoboiler.com\/wp-content\/uploads\/2020\/11\/exim_raw-scaled-e1604947878612.jpg')\"><img decoding=\"async\" src=\"https:\/\/www.photoboiler.com\/wp-content\/uploads\/2020\/11\/exim_raw-scaled-e1604947878612.jpg\" srcset=\"https:\/\/www.photoboiler.com\/wp-content\/uploads\/2020\/11\/exim_raw-300x113.jpg 300w, https:\/\/www.photoboiler.com\/wp-content\/uploads\/2020\/11\/exim_raw-1024x384.jpg 1024w, https:\/\/www.photoboiler.com\/wp-content\/uploads\/2020\/11\/exim_raw-768x288.jpg 768w, https:\/\/www.photoboiler.com\/wp-content\/uploads\/2020\/11\/exim_raw-1536x576.jpg 1536w, https:\/\/www.photoboiler.com\/wp-content\/uploads\/2020\/11\/exim_raw-2048x768.jpg 2048w, https:\/\/www.photoboiler.com\/wp-content\/uploads\/2020\/11\/exim_raw-16x6.jpg 16w, https:\/\/www.photoboiler.com\/wp-content\/uploads\/2020\/11\/exim_raw-scaled-e1604947878612.jpg 800w\" sizes=\"(max-width: 800px) 100vw, 800px\" alt=\"\" class=\"s201_noselect\"\/><\/div>\r\n\t\t\t\t\t\t\t<div class=\"s201_slider s201_style_1\" style=\"top:50%;\"><div class=\"s201_top_line\"><\/div><div class=\"s201_handle\"><div class=\"s201_left_arrow\"><\/div><div class=\"s201_right_arrow\"><\/div><\/div><div class=\"s201_bottom_line\"><\/div><\/div>\r\n\t\t\t\t\t\t<\/div>\t\t\t\t\t<\/div>\r\n\t\t<\/div>\n\n\n\n<p><a href=\"https:\/\/www.photoboiler.com\/en\/examples\/\" data-type=\"page\" data-id=\"148\">Explore other applications<\/a><\/p>","protected":false},"excerpt":{"rendered":"<p>Mets\u00e4teollisuudessa kuorimoiden optimointi on yksi toimivaksi havaittu k\u00e4ytt\u00f6kohde Photoboilerin j\u00e4rjestelm\u00e4lle. Kuorimon tavoitteena on kuoria puuta riitt\u00e4v\u00e4sti niin ett\u00e4 kuorta ei j\u00e4isi p\u00f6llin pintaan, mutta ei enemp\u00e4\u00e4 jotta arvokasta puumateriaalia ei mene kuoren mukana polttoon. Kuorimon optimointi toteutetaan kuvaamalla sek\u00e4 kuorimon p\u00e4\u00e4tuotetta kuorintarummun j\u00e4lkeen ett\u00e4 kuorilinjalla kulkevaa polttton menev\u00e4\u00e4 kuorijaetta. P\u00e4\u00e4linjan kameran tarkoitus on varmistaa ettei&hellip;<\/p>\n<p class=\"more-link\"><a href=\"https:\/\/www.photoboiler.com\/en\/examples\/kuorimon-optimointi-konenaon-avulla\/\" class=\"themebutton\">Read More<\/a><\/p>","protected":false},"author":1,"featured_media":0,"parent":148,"menu_order":2,"comment_status":"closed","ping_status":"closed","template":"","meta":{"footnotes":""},"_links":{"self":[{"href":"https:\/\/www.photoboiler.com\/en\/wp-json\/wp\/v2\/pages\/267"}],"collection":[{"href":"https:\/\/www.photoboiler.com\/en\/wp-json\/wp\/v2\/pages"}],"about":[{"href":"https:\/\/www.photoboiler.com\/en\/wp-json\/wp\/v2\/types\/page"}],"author":[{"embeddable":true,"href":"https:\/\/www.photoboiler.com\/en\/wp-json\/wp\/v2\/users\/1"}],"replies":[{"embeddable":true,"href":"https:\/\/www.photoboiler.com\/en\/wp-json\/wp\/v2\/comments?post=267"}],"version-history":[{"count":5,"href":"https:\/\/www.photoboiler.com\/en\/wp-json\/wp\/v2\/pages\/267\/revisions"}],"predecessor-version":[{"id":300,"href":"https:\/\/www.photoboiler.com\/en\/wp-json\/wp\/v2\/pages\/267\/revisions\/300"}],"up":[{"embeddable":true,"href":"https:\/\/www.photoboiler.com\/en\/wp-json\/wp\/v2\/pages\/148"}],"wp:attachment":[{"href":"https:\/\/www.photoboiler.com\/en\/wp-json\/wp\/v2\/media?parent=267"}],"curies":[{"name":"wp","href":"https:\/\/api.w.org\/{rel}","templated":true}]}}