{"id":148,"date":"2020-11-10T20:21:46","date_gmt":"2020-11-10T20:21:46","guid":{"rendered":"http:\/\/www.photoboiler.com\/?page_id=148"},"modified":"2024-06-19T09:50:00","modified_gmt":"2024-06-19T09:50:00","slug":"examples","status":"publish","type":"page","link":"https:\/\/www.photoboiler.com\/en\/examples\/","title":{"rendered":"Applications"},"content":{"rendered":"<h2 class=\"wp-block-heading\">Conveyor condition monitoring<\/h2>\n\n\n\n<p>Machine vision is well suited to monitor the condition of mechanical equipment in areas where sensory monitoring would be difficult or laborious. An example of condition monitoring<strong> <\/strong>can be found at Pori Energia's power plant, where continuous monitoring of critical equipment helps ensure the plant's availability.<\/p>\n\n\n\n<figure class=\"wp-block-image size-large\"><img loading=\"lazy\" decoding=\"async\" width=\"1024\" height=\"164\" src=\"http:\/\/www.photoboiler.com\/wp-content\/uploads\/2024\/06\/roller-1024x164.png\" alt=\"\" class=\"wp-image-247\" srcset=\"https:\/\/www.photoboiler.com\/wp-content\/uploads\/2024\/06\/roller-1024x164.png 1024w, https:\/\/www.photoboiler.com\/wp-content\/uploads\/2024\/06\/roller-300x48.png 300w, https:\/\/www.photoboiler.com\/wp-content\/uploads\/2024\/06\/roller-768x123.png 768w, https:\/\/www.photoboiler.com\/wp-content\/uploads\/2024\/06\/roller-1536x246.png 1536w, https:\/\/www.photoboiler.com\/wp-content\/uploads\/2024\/06\/roller-2048x328.png 2048w, https:\/\/www.photoboiler.com\/wp-content\/uploads\/2024\/06\/roller-16x3.png 16w\" sizes=\"(max-width: 1024px) 100vw, 1024px\" \/><\/figure>\n\n\n\n<p> <a href=\"https:\/\/www.photoboiler.com\/en\/examples\/fuelconveyor\/\" data-type=\"page\" data-id=\"249\">Read more...<\/a><\/p>\n\n\n\n<h2 class=\"wp-block-heading\">Industrial fuel material classification<\/h2>\n\n\n\n<p>Operation of solid fuel boilers is highly dendent on what fuel is being burned what the is the composition of the material. With computer vision fuel quality can be monitored in real time.<\/p>\n\n\n<div class=\"wp-block-image\">\n<figure class=\"aligncenter size-large\"><img loading=\"lazy\" decoding=\"async\" width=\"1024\" height=\"325\" src=\"http:\/\/www.photoboiler.com\/wp-content\/uploads\/2023\/05\/fine-1024x325.jpg\" alt=\"\" class=\"wp-image-227\" srcset=\"https:\/\/www.photoboiler.com\/wp-content\/uploads\/2023\/05\/fine-1024x325.jpg 1024w, https:\/\/www.photoboiler.com\/wp-content\/uploads\/2023\/05\/fine-300x95.jpg 300w, https:\/\/www.photoboiler.com\/wp-content\/uploads\/2023\/05\/fine-768x244.jpg 768w, https:\/\/www.photoboiler.com\/wp-content\/uploads\/2023\/05\/fine-16x5.jpg 16w, https:\/\/www.photoboiler.com\/wp-content\/uploads\/2023\/05\/fine.jpg 1205w\" sizes=\"(max-width: 1024px) 100vw, 1024px\" \/><\/figure><\/div>\n\n\n<p><a href=\"https:\/\/www.photoboiler.com\/en\/examples\/kiintean-polttoaineen-analyysi\/\" data-type=\"page\" data-id=\"279\">Read more...<\/a><\/p>\n\n\n\n<h2 class=\"wp-block-heading\">Power plant ash analysis<\/h2>\n\n\n\n<p>The ash or bed material quality is essential for solid fuel boilers. Computer vision models enable real time analysis of foreign material and agglomerates ash. <\/p>\n\n\n<div class=\"wp-block-image align-center\">\n<figure class=\"aligncenter size-large\"><img loading=\"lazy\" decoding=\"async\" width=\"1024\" height=\"287\" src=\"http:\/\/www.photoboiler.com\/wp-content\/uploads\/2023\/05\/sintteri_iso-1024x287.jpg\" alt=\"\" class=\"wp-image-225\" srcset=\"https:\/\/www.photoboiler.com\/wp-content\/uploads\/2023\/05\/sintteri_iso-1024x287.jpg 1024w, https:\/\/www.photoboiler.com\/wp-content\/uploads\/2023\/05\/sintteri_iso-300x84.jpg 300w, https:\/\/www.photoboiler.com\/wp-content\/uploads\/2023\/05\/sintteri_iso-768x215.jpg 768w, https:\/\/www.photoboiler.com\/wp-content\/uploads\/2023\/05\/sintteri_iso-1536x431.jpg 1536w, https:\/\/www.photoboiler.com\/wp-content\/uploads\/2023\/05\/sintteri_iso-16x4.jpg 16w, https:\/\/www.photoboiler.com\/wp-content\/uploads\/2023\/05\/sintteri_iso-380x107.jpg 380w, https:\/\/www.photoboiler.com\/wp-content\/uploads\/2023\/05\/sintteri_iso.jpg 1855w\" sizes=\"(max-width: 1024px) 100vw, 1024px\" \/><\/figure><\/div>\n\n\n<p><a href=\"https:\/\/www.photoboiler.com\/en\/examples\/voimalaitoksen-tuhkaseuranta\/\" data-type=\"page\" data-id=\"283\">Read more...<\/a><\/p>\n\n\n\n<h2 class=\"wp-block-heading\">Waste bunker large objects control<\/h2>\n\n\n<div class=\"wp-block-image\">\n<figure class=\"aligncenter size-large\"><img loading=\"lazy\" decoding=\"async\" width=\"562\" height=\"224\" src=\"http:\/\/www.photoboiler.com\/wp-content\/uploads\/2020\/11\/waste_bunker_info.png\" alt=\"\" class=\"wp-image-173\" srcset=\"https:\/\/www.photoboiler.com\/wp-content\/uploads\/2020\/11\/waste_bunker_info.png 562w, https:\/\/www.photoboiler.com\/wp-content\/uploads\/2020\/11\/waste_bunker_info-300x120.png 300w, https:\/\/www.photoboiler.com\/wp-content\/uploads\/2020\/11\/waste_bunker_info-16x6.png 16w, https:\/\/www.photoboiler.com\/wp-content\/uploads\/2020\/11\/waste_bunker_info-380x152.png 380w\" sizes=\"(max-width: 562px) 100vw, 562px\" \/><\/figure><\/div>\n\n<div class=\"wp-block-image\">\n<figure class=\"aligncenter size-large\"><img loading=\"lazy\" decoding=\"async\" width=\"564\" height=\"226\" src=\"http:\/\/www.photoboiler.com\/wp-content\/uploads\/2020\/11\/Waste_bunker_mask.png\" alt=\"\" class=\"wp-image-172\" srcset=\"https:\/\/www.photoboiler.com\/wp-content\/uploads\/2020\/11\/Waste_bunker_mask.png 564w, https:\/\/www.photoboiler.com\/wp-content\/uploads\/2020\/11\/Waste_bunker_mask-300x120.png 300w, https:\/\/www.photoboiler.com\/wp-content\/uploads\/2020\/11\/Waste_bunker_mask-16x6.png 16w, https:\/\/www.photoboiler.com\/wp-content\/uploads\/2020\/11\/Waste_bunker_mask-380x152.png 380w\" sizes=\"(max-width: 564px) 100vw, 564px\" \/><\/figure><\/div>\n\n\n<h2 class=\"wp-block-heading\">Debarking monitoring<\/h2>\n\n\n\n<p>In practice the optimization of debarking is set up by installing two cameras on the line:The main after the debarking drum will monitor the main product and secondary camera on the bark line to monitor the composition of the removed material. The main camera\u2019s goal is to ensure no bark is left on the wood. The secondary camera ensures that the bark flow contains as little fiber wood as possible.<\/p>\n\n\n<div id=\"s201_slides-1-1\" class=\"s201_slides s201_slides-1\" data-s201=\"{&quot;vertical&quot;:0,&quot;sliding_behavior&quot;:&quot;drag&quot;}\">\r\n\t\t<div class=\"s201_holder s201_slide_active\" data-part=\"holder\">\r\n\t\t\t<img decoding=\"async\" src=\"https:\/\/www.photoboiler.com\/wp-content\/uploads\/2020\/11\/exim_mask-scaled-e1604947896748.jpg\" srcset=\"https:\/\/www.photoboiler.com\/wp-content\/uploads\/2020\/11\/exim_mask-300x113.jpg 300w, https:\/\/www.photoboiler.com\/wp-content\/uploads\/2020\/11\/exim_mask-1024x384.jpg 1024w, https:\/\/www.photoboiler.com\/wp-content\/uploads\/2020\/11\/exim_mask-768x288.jpg 768w, https:\/\/www.photoboiler.com\/wp-content\/uploads\/2020\/11\/exim_mask-1536x576.jpg 1536w, https:\/\/www.photoboiler.com\/wp-content\/uploads\/2020\/11\/exim_mask-2048x768.jpg 2048w, https:\/\/www.photoboiler.com\/wp-content\/uploads\/2020\/11\/exim_mask-16x6.jpg 16w, https:\/\/www.photoboiler.com\/wp-content\/uploads\/2020\/11\/exim_mask-scaled-e1604947896748.jpg 800w\" sizes=\"(max-width: 800px) 100vw, 800px\" alt=\"\" class=\"s201_img_holder s201_noselect\"\/><div class=\"s201_item_img s201_noselect\"><div class=\"s201_overlay_img\" style=\"background-image:url('https:\/\/www.photoboiler.com\/wp-content\/uploads\/2020\/11\/exim_mask-scaled-e1604947896748.jpg')\"><img decoding=\"async\" src=\"https:\/\/www.photoboiler.com\/wp-content\/uploads\/2020\/11\/exim_mask-scaled-e1604947896748.jpg\" srcset=\"https:\/\/www.photoboiler.com\/wp-content\/uploads\/2020\/11\/exim_mask-300x113.jpg 300w, https:\/\/www.photoboiler.com\/wp-content\/uploads\/2020\/11\/exim_mask-1024x384.jpg 1024w, https:\/\/www.photoboiler.com\/wp-content\/uploads\/2020\/11\/exim_mask-768x288.jpg 768w, https:\/\/www.photoboiler.com\/wp-content\/uploads\/2020\/11\/exim_mask-1536x576.jpg 1536w, https:\/\/www.photoboiler.com\/wp-content\/uploads\/2020\/11\/exim_mask-2048x768.jpg 2048w, https:\/\/www.photoboiler.com\/wp-content\/uploads\/2020\/11\/exim_mask-16x6.jpg 16w, https:\/\/www.photoboiler.com\/wp-content\/uploads\/2020\/11\/exim_mask-scaled-e1604947896748.jpg 800w\" sizes=\"(max-width: 800px) 100vw, 800px\" alt=\"\" class=\"s201_noselect\"\/><\/div><\/div><div class=\"s201_item_img s201_noselect\" style=\"width:50%;\"><div class=\"s201_overlay_img\" style=\"background-image:url('https:\/\/www.photoboiler.com\/wp-content\/uploads\/2020\/11\/exim_raw-scaled-e1604947878612.jpg')\"><img decoding=\"async\" src=\"https:\/\/www.photoboiler.com\/wp-content\/uploads\/2020\/11\/exim_raw-scaled-e1604947878612.jpg\" srcset=\"https:\/\/www.photoboiler.com\/wp-content\/uploads\/2020\/11\/exim_raw-300x113.jpg 300w, https:\/\/www.photoboiler.com\/wp-content\/uploads\/2020\/11\/exim_raw-1024x384.jpg 1024w, https:\/\/www.photoboiler.com\/wp-content\/uploads\/2020\/11\/exim_raw-768x288.jpg 768w, https:\/\/www.photoboiler.com\/wp-content\/uploads\/2020\/11\/exim_raw-1536x576.jpg 1536w, https:\/\/www.photoboiler.com\/wp-content\/uploads\/2020\/11\/exim_raw-2048x768.jpg 2048w, https:\/\/www.photoboiler.com\/wp-content\/uploads\/2020\/11\/exim_raw-16x6.jpg 16w, https:\/\/www.photoboiler.com\/wp-content\/uploads\/2020\/11\/exim_raw-scaled-e1604947878612.jpg 800w\" sizes=\"(max-width: 800px) 100vw, 800px\" alt=\"\" class=\"s201_noselect\"\/><\/div>\r\n\t\t\t\t\t\t\t<div class=\"s201_slider s201_style_1\" style=\"top:50%;\"><div class=\"s201_top_line\"><\/div><div class=\"s201_handle\"><div class=\"s201_left_arrow\"><\/div><div class=\"s201_right_arrow\"><\/div><\/div><div class=\"s201_bottom_line\"><\/div><\/div>\r\n\t\t\t\t\t\t<\/div>\t\t\t\t\t<\/div>\r\n\t\t<\/div>\n\n\n\n<p><a href=\"https:\/\/www.photoboiler.com\/en\/examples\/kuorimon-optimointi-konenaon-avulla\/\" data-type=\"page\" data-id=\"267\">Read more...<\/a><\/p>\n\n\n\n<h2 class=\"wp-block-heading\">Preselection of user images<\/h2>\n\n\n<div class=\"wp-block-image\">\n<figure class=\"aligncenter size-large\"><img loading=\"lazy\" decoding=\"async\" width=\"929\" height=\"372\" src=\"http:\/\/www.photoboiler.com\/wp-content\/uploads\/2020\/11\/propeller.png\" alt=\"\" class=\"wp-image-137\" srcset=\"https:\/\/www.photoboiler.com\/wp-content\/uploads\/2020\/11\/propeller.png 929w, https:\/\/www.photoboiler.com\/wp-content\/uploads\/2020\/11\/propeller-300x120.png 300w, https:\/\/www.photoboiler.com\/wp-content\/uploads\/2020\/11\/propeller-768x308.png 768w, https:\/\/www.photoboiler.com\/wp-content\/uploads\/2020\/11\/propeller-16x6.png 16w, https:\/\/www.photoboiler.com\/wp-content\/uploads\/2020\/11\/propeller-380x152.png 380w\" sizes=\"(max-width: 929px) 100vw, 929px\" \/><figcaption class=\"wp-element-caption\">The city boat users need to take a pictore of the propeller after returning the boat.<\/figcaption><\/figure><\/div>\n\n\n<p><\/p>\n\n\n\n<p>Want to find out more or play around with you ideas. <a href=\"https:\/\/www.photoboiler.com\/en\/contact\/\" data-type=\"page\" data-id=\"48\">Contact<\/a>.<\/p>","protected":false},"excerpt":{"rendered":"<p>Kuljettimen kunnonvalvonta Konen\u00e4k\u00f6 soveltuu hyvin seuraamaan mekaanisten laitteiden kuntoa kohteissa, joiden aistinvarainen valvonta olisi vaikeaa tai ty\u00f6l\u00e4st\u00e4. Esimerkki kunnonvalvonnasta l\u00f6ytyy Pori Energian voimalaitokselta, jossa kriittisten laitteiden jatkuva seuranta auttaa turvaamaan laitosten k\u00e4ytett\u00e4vyytt\u00e4. Lue lis\u00e4\u00e4&#8230; Polttoaineen materiaaliluokittelu Kiinteit\u00e4 polttoaineita polttavien voimalaitosten toiminta on vahvasti riippuvaista poltettavan materiaalin laadusta ja koostumuksesta. Konen\u00e4\u00f6n avulla saadaan reaaliaikaisesti ja kustannustehokkaasti&hellip;<\/p>\n<p class=\"more-link\"><a href=\"https:\/\/www.photoboiler.com\/en\/examples\/\" class=\"themebutton\">Read More<\/a><\/p>","protected":false},"author":1,"featured_media":0,"parent":0,"menu_order":4,"comment_status":"closed","ping_status":"closed","template":"","meta":{"footnotes":""},"_links":{"self":[{"href":"https:\/\/www.photoboiler.com\/en\/wp-json\/wp\/v2\/pages\/148"}],"collection":[{"href":"https:\/\/www.photoboiler.com\/en\/wp-json\/wp\/v2\/pages"}],"about":[{"href":"https:\/\/www.photoboiler.com\/en\/wp-json\/wp\/v2\/types\/page"}],"author":[{"embeddable":true,"href":"https:\/\/www.photoboiler.com\/en\/wp-json\/wp\/v2\/users\/1"}],"replies":[{"embeddable":true,"href":"https:\/\/www.photoboiler.com\/en\/wp-json\/wp\/v2\/comments?post=148"}],"version-history":[{"count":27,"href":"https:\/\/www.photoboiler.com\/en\/wp-json\/wp\/v2\/pages\/148\/revisions"}],"predecessor-version":[{"id":305,"href":"https:\/\/www.photoboiler.com\/en\/wp-json\/wp\/v2\/pages\/148\/revisions\/305"}],"wp:attachment":[{"href":"https:\/\/www.photoboiler.com\/en\/wp-json\/wp\/v2\/media?parent=148"}],"curies":[{"name":"wp","href":"https:\/\/api.w.org\/{rel}","templated":true}]}}